{"id":2,"date":"2023-12-19T12:42:43","date_gmt":"2023-12-19T12:42:43","guid":{"rendered":"https:\/\/www.nikkis.se\/?page_id=2"},"modified":"2024-01-03T09:24:38","modified_gmt":"2024-01-03T09:24:38","slug":"hem","status":"publish","type":"page","link":"https:\/\/www.nikkis.se\/","title":{"rendered":"Hem"},"content":{"rendered":"\n<figure class=\"wp-block-gallery has-nested-images columns-default is-cropped wp-block-gallery-7 is-layout-flex wp-block-gallery-is-layout-flex\">\n<figure class=\"wp-block-image size-large wp-duotone-rgb393939-rgb238238238-1\"><img loading=\"lazy\" decoding=\"async\" width=\"828\" height=\"828\" data-id=\"339\" src=\"https:\/\/www.nikkis.se\/wp-content\/uploads\/2024\/01\/IMG_8577-edited.jpg\" alt=\"\" class=\"wp-image-339\" srcset=\"https:\/\/www.nikkis.se\/wp-content\/uploads\/2024\/01\/IMG_8577-edited.jpg 828w, https:\/\/www.nikkis.se\/wp-content\/uploads\/2024\/01\/IMG_8577-edited-300x300.jpg 300w, https:\/\/www.nikkis.se\/wp-content\/uploads\/2024\/01\/IMG_8577-edited-150x150.jpg 150w, https:\/\/www.nikkis.se\/wp-content\/uploads\/2024\/01\/IMG_8577-edited-768x768.jpg 768w, https:\/\/www.nikkis.se\/wp-content\/uploads\/2024\/01\/IMG_8577-edited-250x250.jpg 250w, https:\/\/www.nikkis.se\/wp-content\/uploads\/2024\/01\/IMG_8577-edited-640x640.jpg 640w\" sizes=\"auto, (max-width: 828px) 100vw, 828px\" \/><\/figure>\n\n\n\n<figure class=\"wp-block-image size-full wp-duotone-rgba38383809-rgb238238238-2\"><img loading=\"lazy\" decoding=\"async\" width=\"455\" height=\"455\" data-id=\"342\" src=\"https:\/\/www.nikkis.se\/wp-content\/uploads\/2024\/01\/IMG_8850-edited.jpeg\" alt=\"\" class=\"wp-image-342\" srcset=\"https:\/\/www.nikkis.se\/wp-content\/uploads\/2024\/01\/IMG_8850-edited.jpeg 455w, https:\/\/www.nikkis.se\/wp-content\/uploads\/2024\/01\/IMG_8850-edited-300x300.jpeg 300w, https:\/\/www.nikkis.se\/wp-content\/uploads\/2024\/01\/IMG_8850-edited-150x150.jpeg 150w, https:\/\/www.nikkis.se\/wp-content\/uploads\/2024\/01\/IMG_8850-edited-250x250.jpeg 250w\" sizes=\"auto, (max-width: 455px) 100vw, 455px\" \/><\/figure>\n\n\n\n<figure class=\"wp-block-image size-full wp-duotone-rgb393939-rgb238238238-3\"><img loading=\"lazy\" decoding=\"async\" width=\"1024\" height=\"768\" data-id=\"343\" src=\"https:\/\/www.nikkis.se\/wp-content\/uploads\/2024\/01\/UNADJUSTEDNONRAW_thumb_465c-1.jpg\" alt=\"\" class=\"wp-image-343\" srcset=\"https:\/\/www.nikkis.se\/wp-content\/uploads\/2024\/01\/UNADJUSTEDNONRAW_thumb_465c-1.jpg 1024w, https:\/\/www.nikkis.se\/wp-content\/uploads\/2024\/01\/UNADJUSTEDNONRAW_thumb_465c-1-300x225.jpg 300w, https:\/\/www.nikkis.se\/wp-content\/uploads\/2024\/01\/UNADJUSTEDNONRAW_thumb_465c-1-768x576.jpg 768w, https:\/\/www.nikkis.se\/wp-content\/uploads\/2024\/01\/UNADJUSTEDNONRAW_thumb_465c-1-640x480.jpg 640w\" sizes=\"auto, (max-width: 1024px) 100vw, 1024px\" \/><\/figure>\n\n\n\n<figure class=\"wp-block-image size-large wp-duotone-rgb393939-rgb238238238-4\"><img loading=\"lazy\" decoding=\"async\" width=\"581\" height=\"581\" data-id=\"347\" src=\"https:\/\/www.nikkis.se\/wp-content\/uploads\/2024\/01\/IMG_8816-edited.png\" alt=\"\" class=\"wp-image-347\" srcset=\"https:\/\/www.nikkis.se\/wp-content\/uploads\/2024\/01\/IMG_8816-edited.png 581w, https:\/\/www.nikkis.se\/wp-content\/uploads\/2024\/01\/IMG_8816-edited-300x300.png 300w, https:\/\/www.nikkis.se\/wp-content\/uploads\/2024\/01\/IMG_8816-edited-150x150.png 150w, https:\/\/www.nikkis.se\/wp-content\/uploads\/2024\/01\/IMG_8816-edited-250x250.png 250w\" sizes=\"auto, (max-width: 581px) 100vw, 581px\" \/><\/figure>\n\n\n\n<figure class=\"wp-block-image size-large wp-duotone-rgb393939-rgb238238238-5\"><img loading=\"lazy\" decoding=\"async\" width=\"1957\" height=\"1957\" data-id=\"345\" src=\"https:\/\/www.nikkis.se\/wp-content\/uploads\/2024\/01\/IMG_7626-edited.jpg\" alt=\"\" class=\"wp-image-345\" srcset=\"https:\/\/www.nikkis.se\/wp-content\/uploads\/2024\/01\/IMG_7626-edited.jpg 1957w, https:\/\/www.nikkis.se\/wp-content\/uploads\/2024\/01\/IMG_7626-edited-300x300.jpg 300w, https:\/\/www.nikkis.se\/wp-content\/uploads\/2024\/01\/IMG_7626-edited-1024x1024.jpg 1024w, https:\/\/www.nikkis.se\/wp-content\/uploads\/2024\/01\/IMG_7626-edited-150x150.jpg 150w, https:\/\/www.nikkis.se\/wp-content\/uploads\/2024\/01\/IMG_7626-edited-768x768.jpg 768w, https:\/\/www.nikkis.se\/wp-content\/uploads\/2024\/01\/IMG_7626-edited-1536x1536.jpg 1536w, https:\/\/www.nikkis.se\/wp-content\/uploads\/2024\/01\/IMG_7626-edited-250x250.jpg 250w, https:\/\/www.nikkis.se\/wp-content\/uploads\/2024\/01\/IMG_7626-edited-1040x1040.jpg 1040w, https:\/\/www.nikkis.se\/wp-content\/uploads\/2024\/01\/IMG_7626-edited-640x640.jpg 640w\" sizes=\"auto, (max-width: 1957px) 100vw, 1957px\" \/><\/figure>\n\n\n\n<figure class=\"wp-block-image size-large wp-duotone-rgb393939-rgb238238238-6\"><img loading=\"lazy\" decoding=\"async\" width=\"2316\" height=\"2316\" data-id=\"349\" src=\"https:\/\/www.nikkis.se\/wp-content\/uploads\/2024\/01\/IMG_5064-edited.jpg\" alt=\"\" class=\"wp-image-349\" srcset=\"https:\/\/www.nikkis.se\/wp-content\/uploads\/2024\/01\/IMG_5064-edited.jpg 2316w, https:\/\/www.nikkis.se\/wp-content\/uploads\/2024\/01\/IMG_5064-edited-300x300.jpg 300w, https:\/\/www.nikkis.se\/wp-content\/uploads\/2024\/01\/IMG_5064-edited-1024x1024.jpg 1024w, https:\/\/www.nikkis.se\/wp-content\/uploads\/2024\/01\/IMG_5064-edited-150x150.jpg 150w, https:\/\/www.nikkis.se\/wp-content\/uploads\/2024\/01\/IMG_5064-edited-768x768.jpg 768w, https:\/\/www.nikkis.se\/wp-content\/uploads\/2024\/01\/IMG_5064-edited-1536x1536.jpg 1536w, https:\/\/www.nikkis.se\/wp-content\/uploads\/2024\/01\/IMG_5064-edited-2048x2048.jpg 2048w, https:\/\/www.nikkis.se\/wp-content\/uploads\/2024\/01\/IMG_5064-edited-250x250.jpg 250w, https:\/\/www.nikkis.se\/wp-content\/uploads\/2024\/01\/IMG_5064-edited-1040x1040.jpg 1040w, https:\/\/www.nikkis.se\/wp-content\/uploads\/2024\/01\/IMG_5064-edited-640x640.jpg 640w\" sizes=\"auto, (max-width: 2316px) 100vw, 2316px\" \/><\/figure>\n<\/figure>\n\n\n\n<h2 class=\"wp-block-heading has-gray-color has-text-color has-link-color wp-elements-3c20d8c2c25c0abd74b769f548bc6356\">Om f\u00f6retaget<\/h2>\n\n\n\n<p class=\"has-black-color has-text-color has-link-color wp-elements-b27dbaca74ae1addefacdc3ed1fe5dbe\">Inom mitt f\u00f6retag erbjuder jag olika tj\u00e4nster inom <em>Hovslageri<\/em>, <em>Horsemanship<\/em> och <em>Foderr\u00e5dgivning<\/em>.<br><br>Kombinationen av b\u00e5de teoretisk och praktisk bakgrund inom mina omr\u00e5den, skapar m\u00f6jligheten att kunna arbeta utifr\u00e5n en st\u00f6rre helhet. Att kunna erbjuda en genomg\u00e5ende h\u00f6g kvalit\u00e9t p\u00e5 de tj\u00e4nster jag erbjuder \u00e4r viktigt f\u00f6r mig, och mitt fokus ligger d\u00e4rf\u00f6r p\u00e5 att du som kund genom mina tj\u00e4nster ska kunna se och uppleva en m\u00e4rkbar utveckling och f\u00f6rb\u00e4ttring.<br><br>Min filosofi \u00e4r att det alltid finns en orsak till <em>varf\u00f6r<\/em> n\u00e5gonting <em>\u00e4r<\/em> som det \u00e4r, och n\u00e4r vi hittar den orsaken kan vi uppn\u00e5 f\u00f6r\u00e4ndring, utveckling och f\u00f6rb\u00e4ttring.<\/p>\n\n\n\n<p class=\"has-text-align-center has-gray-color has-text-color has-link-color wp-elements-f11053bc9590f43aeb4c0db9708532ed\"><em><strong>&#8221;Varf\u00f6r \u00e4r det som det \u00e4r?&#8221; <\/strong><\/em><\/p>\n\n\n\n<h2 class=\"wp-block-heading has-gray-color has-text-color has-link-color wp-elements-f259c75402ed85430c8e23abb4f88992\">Om mig<\/h2>\n\n\n\n<div class=\"wp-block-media-text is-stacked-on-mobile is-vertically-aligned-center\" style=\"grid-template-columns:15% auto\"><figure class=\"wp-block-media-text__media\"><img loading=\"lazy\" decoding=\"async\" width=\"768\" height=\"1024\" src=\"https:\/\/www.nikkis.se\/wp-content\/uploads\/2023\/12\/IMG_5064-9-768x1024.jpg\" alt=\"\" class=\"wp-image-210 size-full\" srcset=\"https:\/\/www.nikkis.se\/wp-content\/uploads\/2023\/12\/IMG_5064-9-768x1024.jpg 768w, https:\/\/www.nikkis.se\/wp-content\/uploads\/2023\/12\/IMG_5064-9-225x300.jpg 225w, https:\/\/www.nikkis.se\/wp-content\/uploads\/2023\/12\/IMG_5064-9-1152x1536.jpg 1152w, https:\/\/www.nikkis.se\/wp-content\/uploads\/2023\/12\/IMG_5064-9-1536x2048.jpg 1536w, https:\/\/www.nikkis.se\/wp-content\/uploads\/2023\/12\/IMG_5064-9-1040x1387.jpg 1040w, https:\/\/www.nikkis.se\/wp-content\/uploads\/2023\/12\/IMG_5064-9-640x853.jpg 640w, https:\/\/www.nikkis.se\/wp-content\/uploads\/2023\/12\/IMG_5064-9-scaled.jpg 1920w\" sizes=\"auto, (max-width: 768px) 100vw, 768px\" \/><\/figure><div class=\"wp-block-media-text__content\">\n<p><strong>Jag som driver det h\u00e4r f\u00f6retaget heter Nikki.<\/strong> <br>Som person har jag alltid haft ett brinnande intresse f\u00f6r h\u00e4sten, och ett driv att f\u00f6rst\u00e5 <em>varf\u00f6r<\/em> saker \u00e4r som dom \u00e4r, blir som dom blir och hur vi kan f\u00f6r\u00e4ndra en situation till det b\u00e4ttre.<\/p>\n<\/div><\/div>\n\n\n\n<div class=\"wp-block-media-text is-stacked-on-mobile\" style=\"grid-template-columns:15% auto\"><figure class=\"wp-block-media-text__media\"><img loading=\"lazy\" decoding=\"async\" width=\"768\" height=\"1024\" src=\"https:\/\/www.nikkis.se\/wp-content\/uploads\/2023\/12\/IMG_8878-1-768x1024.jpeg\" alt=\"\" class=\"wp-image-195 size-full\" srcset=\"https:\/\/www.nikkis.se\/wp-content\/uploads\/2023\/12\/IMG_8878-1-768x1024.jpeg 768w, https:\/\/www.nikkis.se\/wp-content\/uploads\/2023\/12\/IMG_8878-1-225x300.jpeg 225w, https:\/\/www.nikkis.se\/wp-content\/uploads\/2023\/12\/IMG_8878-1-1152x1536.jpeg 1152w, https:\/\/www.nikkis.se\/wp-content\/uploads\/2023\/12\/IMG_8878-1-1536x2048.jpeg 1536w, https:\/\/www.nikkis.se\/wp-content\/uploads\/2023\/12\/IMG_8878-1-1040x1387.jpeg 1040w, https:\/\/www.nikkis.se\/wp-content\/uploads\/2023\/12\/IMG_8878-1-640x853.jpeg 640w, https:\/\/www.nikkis.se\/wp-content\/uploads\/2023\/12\/IMG_8878-1-scaled.jpeg 1920w\" sizes=\"auto, (max-width: 768px) 100vw, 768px\" \/><\/figure><div class=\"wp-block-media-text__content\">\n<p><strong>Kandidatexamen inom Beteendevetenskap<\/strong> <br>Med fokus p\u00e5 l\u00e4rande och utveckling, kommunikation, f\u00f6r\u00e4ndringsprocesser, coachning, idrottspsykologi och mental tr\u00e4ning. Kunskaper som vi beh\u00f6ver f\u00f6r att f\u00f6rst\u00e5 hur tankar och k\u00e4nslor speglar v\u00e5rt beteende<\/p>\n<\/div><\/div>\n\n\n\n<div class=\"wp-block-media-text is-stacked-on-mobile\" style=\"grid-template-columns:15% auto\"><figure class=\"wp-block-media-text__media\"><img loading=\"lazy\" decoding=\"async\" width=\"640\" height=\"640\" src=\"https:\/\/www.nikkis.se\/wp-content\/uploads\/2023\/12\/DDCDA864-2C49-4B5F-9AAD-10E5CA86BCEF-1.jpeg\" alt=\"\" class=\"wp-image-196 size-full\" srcset=\"https:\/\/www.nikkis.se\/wp-content\/uploads\/2023\/12\/DDCDA864-2C49-4B5F-9AAD-10E5CA86BCEF-1.jpeg 640w, https:\/\/www.nikkis.se\/wp-content\/uploads\/2023\/12\/DDCDA864-2C49-4B5F-9AAD-10E5CA86BCEF-1-300x300.jpeg 300w, https:\/\/www.nikkis.se\/wp-content\/uploads\/2023\/12\/DDCDA864-2C49-4B5F-9AAD-10E5CA86BCEF-1-150x150.jpeg 150w, https:\/\/www.nikkis.se\/wp-content\/uploads\/2023\/12\/DDCDA864-2C49-4B5F-9AAD-10E5CA86BCEF-1-250x250.jpeg 250w\" sizes=\"auto, (max-width: 640px) 100vw, 640px\" \/><\/figure><div class=\"wp-block-media-text__content\">\n<p><strong>F\u00f6rdjupad H\u00e4stkunskap<\/strong><br>Kunskaper i h\u00e4stens biologi och natur, deras instinkter och behov som vi beh\u00f6ver f\u00f6rst\u00e5 f\u00f6r att kunna utveckla ett partnerskap mellan h\u00e4st och m\u00e4nniska<br><\/p>\n<\/div><\/div>\n\n\n\n<div class=\"wp-block-media-text is-stacked-on-mobile\" style=\"grid-template-columns:16% auto\"><figure class=\"wp-block-media-text__media\"><img loading=\"lazy\" decoding=\"async\" width=\"1024\" height=\"768\" src=\"https:\/\/www.nikkis.se\/wp-content\/uploads\/2023\/12\/IMG_7744-1-1024x768.jpg\" alt=\"\" class=\"wp-image-198 size-full\" srcset=\"https:\/\/www.nikkis.se\/wp-content\/uploads\/2023\/12\/IMG_7744-1-1024x768.jpg 1024w, https:\/\/www.nikkis.se\/wp-content\/uploads\/2023\/12\/IMG_7744-1-300x225.jpg 300w, https:\/\/www.nikkis.se\/wp-content\/uploads\/2023\/12\/IMG_7744-1-768x576.jpg 768w, https:\/\/www.nikkis.se\/wp-content\/uploads\/2023\/12\/IMG_7744-1-1536x1152.jpg 1536w, https:\/\/www.nikkis.se\/wp-content\/uploads\/2023\/12\/IMG_7744-1-2048x1536.jpg 2048w, https:\/\/www.nikkis.se\/wp-content\/uploads\/2023\/12\/IMG_7744-1-1040x780.jpg 1040w, https:\/\/www.nikkis.se\/wp-content\/uploads\/2023\/12\/IMG_7744-1-640x480.jpg 640w\" sizes=\"auto, (max-width: 1024px) 100vw, 1024px\" \/><\/figure><div class=\"wp-block-media-text__content\">\n<p><strong>Foderl\u00e4ra<\/strong> <br>Kunskaper i h\u00e4stens n\u00e4ringsbehov, och hur vi med en v\u00e4lbalanserad foderstat kan fr\u00e4mja h\u00e4stens fysiska h\u00e4lsa, v\u00e4lbefinnande och prestationsf\u00f6rm\u00e5ga. <\/p>\n<\/div><\/div>\n\n\n\n<div class=\"wp-block-media-text is-stacked-on-mobile\" style=\"grid-template-columns:16% auto\"><figure class=\"wp-block-media-text__media\"><img loading=\"lazy\" decoding=\"async\" width=\"583\" height=\"1024\" src=\"https:\/\/www.nikkis.se\/wp-content\/uploads\/2023\/12\/IMG_8577-6-583x1024.jpg\" alt=\"\" class=\"wp-image-189 size-full\" srcset=\"https:\/\/www.nikkis.se\/wp-content\/uploads\/2023\/12\/IMG_8577-6-583x1024.jpg 583w, https:\/\/www.nikkis.se\/wp-content\/uploads\/2023\/12\/IMG_8577-6-171x300.jpg 171w, https:\/\/www.nikkis.se\/wp-content\/uploads\/2023\/12\/IMG_8577-6-768x1349.jpg 768w, https:\/\/www.nikkis.se\/wp-content\/uploads\/2023\/12\/IMG_8577-6-640x1124.jpg 640w, https:\/\/www.nikkis.se\/wp-content\/uploads\/2023\/12\/IMG_8577-6.jpg 828w\" sizes=\"auto, (max-width: 583px) 100vw, 583px\" \/><\/figure><div class=\"wp-block-media-text__content\">\n<p><strong>Hovslagarstudent p\u00e5 Biologiska Yrkesh\u00f6gskolan i Skara (BYS)<\/strong><br>Kunskap och f\u00f6rst\u00e5else f\u00f6r h\u00e4stens r\u00f6relse utifr\u00e5n exteri\u00f6r, fysiologi och biomekanik och vilken roll hovv\u00e5rden spelar f\u00f6r h\u00e4stens fysiska v\u00e4lm\u00e5ende. <br><br><br><\/p>\n<\/div><\/div>\n","protected":false},"excerpt":{"rendered":"<p>Om f\u00f6retaget Inom mitt f\u00f6retag erbjuder jag olika tj\u00e4nster inom Hovslageri, Horsemanship och Foderr\u00e5dgivning. Kombinationen av b\u00e5de teoretisk och praktisk&#8230;<\/p>\n","protected":false},"author":1,"featured_media":0,"parent":0,"menu_order":0,"comment_status":"closed","ping_status":"closed","template":"","meta":{"footnotes":""},"class_list":["post-2","page","type-page","status-publish","hentry","post-archive"],"_links":{"self":[{"href":"https:\/\/www.nikkis.se\/index.php?rest_route=\/wp\/v2\/pages\/2","targetHints":{"allow":["GET"]}}],"collection":[{"href":"https:\/\/www.nikkis.se\/index.php?rest_route=\/wp\/v2\/pages"}],"about":[{"href":"https:\/\/www.nikkis.se\/index.php?rest_route=\/wp\/v2\/types\/page"}],"author":[{"embeddable":true,"href":"https:\/\/www.nikkis.se\/index.php?rest_route=\/wp\/v2\/users\/1"}],"replies":[{"embeddable":true,"href":"https:\/\/www.nikkis.se\/index.php?rest_route=%2Fwp%2Fv2%2Fcomments&post=2"}],"version-history":[{"count":46,"href":"https:\/\/www.nikkis.se\/index.php?rest_route=\/wp\/v2\/pages\/2\/revisions"}],"predecessor-version":[{"id":388,"href":"https:\/\/www.nikkis.se\/index.php?rest_route=\/wp\/v2\/pages\/2\/revisions\/388"}],"wp:attachment":[{"href":"https:\/\/www.nikkis.se\/index.php?rest_route=%2Fwp%2Fv2%2Fmedia&parent=2"}],"curies":[{"name":"wp","href":"https:\/\/api.w.org\/{rel}","templated":true}]}}