{"id":16,"date":"2023-12-20T15:14:37","date_gmt":"2023-12-20T15:14:37","guid":{"rendered":"https:\/\/www.nikkis.se\/?page_id=16"},"modified":"2024-01-11T12:25:09","modified_gmt":"2024-01-11T12:25:09","slug":"foder","status":"publish","type":"page","link":"https:\/\/www.nikkis.se\/?page_id=16","title":{"rendered":"Foderr\u00e5dgivning"},"content":{"rendered":"\n<figure class=\"wp-block-gallery has-nested-images columns-default is-cropped wp-block-gallery-4 is-layout-flex wp-block-gallery-is-layout-flex\">\n<figure class=\"wp-block-image size-large wp-duotone-272727-eee-1\"><img loading=\"lazy\" decoding=\"async\" width=\"1024\" height=\"768\" data-id=\"306\" src=\"https:\/\/www.nikkis.se\/wp-content\/uploads\/2023\/12\/IMG_7744-2-1024x768.jpg\" alt=\"\" class=\"wp-image-306\" srcset=\"https:\/\/www.nikkis.se\/wp-content\/uploads\/2023\/12\/IMG_7744-2-1024x768.jpg 1024w, https:\/\/www.nikkis.se\/wp-content\/uploads\/2023\/12\/IMG_7744-2-300x225.jpg 300w, https:\/\/www.nikkis.se\/wp-content\/uploads\/2023\/12\/IMG_7744-2-768x576.jpg 768w, https:\/\/www.nikkis.se\/wp-content\/uploads\/2023\/12\/IMG_7744-2-1536x1152.jpg 1536w, https:\/\/www.nikkis.se\/wp-content\/uploads\/2023\/12\/IMG_7744-2-2048x1536.jpg 2048w, https:\/\/www.nikkis.se\/wp-content\/uploads\/2023\/12\/IMG_7744-2-1040x780.jpg 1040w, https:\/\/www.nikkis.se\/wp-content\/uploads\/2023\/12\/IMG_7744-2-640x480.jpg 640w\" sizes=\"auto, (max-width: 1024px) 100vw, 1024px\" \/><\/figure>\n\n\n\n<figure class=\"wp-block-image size-large wp-duotone-272727-eee-2\"><img loading=\"lazy\" decoding=\"async\" width=\"1024\" height=\"768\" data-id=\"305\" src=\"https:\/\/www.nikkis.se\/wp-content\/uploads\/2023\/12\/UNADJUSTEDNONRAW_thumb_465c-4.jpg\" alt=\"\" class=\"wp-image-305\" srcset=\"https:\/\/www.nikkis.se\/wp-content\/uploads\/2023\/12\/UNADJUSTEDNONRAW_thumb_465c-4.jpg 1024w, https:\/\/www.nikkis.se\/wp-content\/uploads\/2023\/12\/UNADJUSTEDNONRAW_thumb_465c-4-300x225.jpg 300w, https:\/\/www.nikkis.se\/wp-content\/uploads\/2023\/12\/UNADJUSTEDNONRAW_thumb_465c-4-768x576.jpg 768w, https:\/\/www.nikkis.se\/wp-content\/uploads\/2023\/12\/UNADJUSTEDNONRAW_thumb_465c-4-640x480.jpg 640w\" sizes=\"auto, (max-width: 1024px) 100vw, 1024px\" \/><\/figure>\n\n\n\n<figure class=\"wp-block-image size-large wp-duotone-272727-eee-3\"><img loading=\"lazy\" decoding=\"async\" width=\"2560\" height=\"2560\" data-id=\"308\" src=\"https:\/\/www.nikkis.se\/wp-content\/uploads\/2023\/12\/IMG_7080-1-edited-scaled.jpg\" alt=\"\" class=\"wp-image-308\" srcset=\"https:\/\/www.nikkis.se\/wp-content\/uploads\/2023\/12\/IMG_7080-1-edited-scaled.jpg 2560w, https:\/\/www.nikkis.se\/wp-content\/uploads\/2023\/12\/IMG_7080-1-edited-300x300.jpg 300w, https:\/\/www.nikkis.se\/wp-content\/uploads\/2023\/12\/IMG_7080-1-edited-1024x1024.jpg 1024w, https:\/\/www.nikkis.se\/wp-content\/uploads\/2023\/12\/IMG_7080-1-edited-150x150.jpg 150w, https:\/\/www.nikkis.se\/wp-content\/uploads\/2023\/12\/IMG_7080-1-edited-768x768.jpg 768w, https:\/\/www.nikkis.se\/wp-content\/uploads\/2023\/12\/IMG_7080-1-edited-1536x1536.jpg 1536w, https:\/\/www.nikkis.se\/wp-content\/uploads\/2023\/12\/IMG_7080-1-edited-2048x2048.jpg 2048w, https:\/\/www.nikkis.se\/wp-content\/uploads\/2023\/12\/IMG_7080-1-edited-250x250.jpg 250w, https:\/\/www.nikkis.se\/wp-content\/uploads\/2023\/12\/IMG_7080-1-edited-1040x1040.jpg 1040w, https:\/\/www.nikkis.se\/wp-content\/uploads\/2023\/12\/IMG_7080-1-edited-640x640.jpg 640w\" sizes=\"auto, (max-width: 2560px) 100vw, 2560px\" \/><\/figure>\n<\/figure>\n\n\n\n<h2 class=\"wp-block-heading has-gray-color has-text-color has-link-color wp-elements-4e5704519c56b2f5044a677a02ffe46b\">N\u00e4ringsl\u00e4ra<\/h2>\n\n\n\n<p>I relation till foderl\u00e4ra \u00e4r det vanligt att man pratar och utg\u00e5r ifr\u00e5n RDI (Rekommenderat Dagligt Intag) vilket handlar om m\u00e4ngden n\u00e4ring som m\u00e5ste intas i syfte att undvika bristsjukdomar. Att fodra h\u00e4sten utifr\u00e5n RDI inneb\u00e4r s\u00e5ledes att man fodrar f\u00f6r att undvika skadliga sjukdomar som kan orsakas av n\u00e4ringsbrister. Optimerat Dagligt Intag (ODI) handlar \u00e5 andra sidan om m\u00e4ngden n\u00e4ring som beh\u00f6vs f\u00f6r att skapa dom b\u00e4sta f\u00f6ruts\u00e4ttningarna f\u00f6r h\u00e4lsa, v\u00e4lbefinnande och p\u00e5 s\u00e5 vis \u00e4ven fr\u00e4mja h\u00e4stens prestationsf\u00f6rm\u00e5ga. <br><br>P\u00e5 dom h\u00e4star som byter fr\u00e5n en foderstat baserad p\u00e5 RDI till en foderstat baserad p\u00e5 ODI syns ofta en m\u00e4rkbar synlig skillnad redan efter ett par veckor, vilket enligt min mening \u00e4r ett tydligt tecken p\u00e5 att h\u00e4sten har ett h\u00f6gre behov av n\u00e4ring f\u00f6r att m\u00e5 bra. Ut\u00f6ver m\u00e4ngden n\u00e4ring finns det ocks\u00e5 flera olika kvoter mellan olika n\u00e4rings\u00e4mnen som \u00e4r viktiga att ta h\u00e4nsyn till f\u00f6r att det inte ska uppst\u00e5 bristsymtom orsakat av obalans i fodret. <br><br>N\u00e5gra av dom effekter som setts p\u00e5 h\u00e4star som b\u00f6rjat med Optimerad foderstat \u00e4r bland annat b\u00e4ttre motst\u00e5ndskraft mot parasiter som exempelvis mugg, rasp och r\u00f6ta, b\u00e4ttre hovkvalitet, b\u00e4ttre p\u00e4lskvalitet, b\u00e4ttre immunf\u00f6rsvar, lugnare temperament, minskade besv\u00e4r med kl\u00e5da och eksem, minskad f\u00f6rekost av mask vid tr\u00e4ckprov, minskad stelhet och b\u00e4ttre \u00e5terh\u00e4mtning.<br><br>Vill du ge din h\u00e4st dom b\u00e4sta f\u00f6ruts\u00e4ttningarna till h\u00e4lsa inifr\u00e5n och ut, d\u00e5 \u00e4r en optimerad foderstat n\u00e5got f\u00f6r dig. Jag \u00e4r inte bunden till n\u00e5gra m\u00e4rken, utan jobbar med att j\u00e4mf\u00f6ra ditt grovfoder med olika kraft och mineralfoder f\u00f6r att hitta en optimal l\u00f6sning f\u00f6r just din h\u00e4st som ocks\u00e5 \u00e4r prisv\u00e4rd. <br><br>Arbetar i programmet PC-Horse som f\u00f6ljer NRCs (National Research Council) riktlinjer om Optimerat n\u00e4ringsbehov. <\/p>\n\n\n\n<p class=\"has-text-align-center has-gray-color has-text-color has-link-color wp-elements-c3d356a1ccfb13e536148fac94cd0aee\"><strong><em>&#8221;Varf\u00f6r \u00e4r det som det \u00e4r?&#8221;<\/em><\/strong><\/p>\n\n\n\n<hr class=\"wp-block-separator has-alpha-channel-opacity\"\/>\n\n\n\n<h2 class=\"wp-block-heading has-gray-color has-text-color has-link-color wp-elements-43b19cbb6201260bf4313003c3c844ec\">Tj\u00e4nster<\/h2>\n\n\n\n<div class=\"wp-block-media-text is-stacked-on-mobile is-vertically-aligned-top\" style=\"grid-template-columns:20% auto\"><figure class=\"wp-block-media-text__media\"><img loading=\"lazy\" decoding=\"async\" width=\"1024\" height=\"768\" src=\"https:\/\/www.nikkis.se\/wp-content\/uploads\/2024\/01\/UNADJUSTEDNONRAW_thumb_465c.jpg\" alt=\"\" class=\"wp-image-328 size-full\" srcset=\"https:\/\/www.nikkis.se\/wp-content\/uploads\/2024\/01\/UNADJUSTEDNONRAW_thumb_465c.jpg 1024w, https:\/\/www.nikkis.se\/wp-content\/uploads\/2024\/01\/UNADJUSTEDNONRAW_thumb_465c-300x225.jpg 300w, https:\/\/www.nikkis.se\/wp-content\/uploads\/2024\/01\/UNADJUSTEDNONRAW_thumb_465c-768x576.jpg 768w, https:\/\/www.nikkis.se\/wp-content\/uploads\/2024\/01\/UNADJUSTEDNONRAW_thumb_465c-640x480.jpg 640w\" sizes=\"auto, (max-width: 1024px) 100vw, 1024px\" \/><\/figure><div class=\"wp-block-media-text__content\">\n<p><strong>Optimerad Foderstat <\/strong><br><em>Tillg\u00e5ng till grovfoderanalys \u00e4r ett m\u00e5ste<\/em><br><br>1-2 h\u00e4star <br>\u00e1 495kr ink moms <br><br>3-5 h\u00e4star <br>\u00e1 395kr ink moms <br><em>alla h\u00e4star m\u00e5ste utg\u00e5 fr\u00e5n samma grovfoder<\/em><br><br>Helhetsl\u00f6sning f\u00f6r st\u00f6rre stall<br><em>Kontakta mig f\u00f6r konsultation<\/em><\/p>\n<\/div><\/div>\n\n\n\n<p> <br><\/p>\n\n\n\n<p><br><\/p>\n","protected":false},"excerpt":{"rendered":"<p>N\u00e4ringsl\u00e4ra I relation till foderl\u00e4ra \u00e4r det vanligt att man pratar och utg\u00e5r ifr\u00e5n RDI (Rekommenderat Dagligt Intag) vilket handlar&#8230;<\/p>\n","protected":false},"author":1,"featured_media":0,"parent":0,"menu_order":0,"comment_status":"closed","ping_status":"closed","template":"","meta":{"footnotes":""},"class_list":["post-16","page","type-page","status-publish","hentry","post-archive"],"_links":{"self":[{"href":"https:\/\/www.nikkis.se\/index.php?rest_route=\/wp\/v2\/pages\/16","targetHints":{"allow":["GET"]}}],"collection":[{"href":"https:\/\/www.nikkis.se\/index.php?rest_route=\/wp\/v2\/pages"}],"about":[{"href":"https:\/\/www.nikkis.se\/index.php?rest_route=\/wp\/v2\/types\/page"}],"author":[{"embeddable":true,"href":"https:\/\/www.nikkis.se\/index.php?rest_route=\/wp\/v2\/users\/1"}],"replies":[{"embeddable":true,"href":"https:\/\/www.nikkis.se\/index.php?rest_route=%2Fwp%2Fv2%2Fcomments&post=16"}],"version-history":[{"count":10,"href":"https:\/\/www.nikkis.se\/index.php?rest_route=\/wp\/v2\/pages\/16\/revisions"}],"predecessor-version":[{"id":402,"href":"https:\/\/www.nikkis.se\/index.php?rest_route=\/wp\/v2\/pages\/16\/revisions\/402"}],"wp:attachment":[{"href":"https:\/\/www.nikkis.se\/index.php?rest_route=%2Fwp%2Fv2%2Fmedia&parent=16"}],"curies":[{"name":"wp","href":"https:\/\/api.w.org\/{rel}","templated":true}]}}