{"id":15,"date":"2023-12-20T15:14:37","date_gmt":"2023-12-20T15:14:37","guid":{"rendered":"https:\/\/www.nikkis.se\/?page_id=15"},"modified":"2025-05-08T18:29:42","modified_gmt":"2025-05-08T18:29:42","slug":"horsemanship","status":"publish","type":"page","link":"https:\/\/www.nikkis.se\/?page_id=15","title":{"rendered":"Horsemanship"},"content":{"rendered":"\n<figure class=\"wp-block-gallery has-nested-images columns-default is-cropped wp-block-gallery-7 is-layout-flex wp-block-gallery-is-layout-flex\">\n<figure class=\"wp-block-image size-full wp-duotone-rgba383838083-eee-1\"><img loading=\"lazy\" decoding=\"async\" width=\"463\" height=\"463\" data-id=\"361\" src=\"https:\/\/www.nikkis.se\/wp-content\/uploads\/2024\/01\/IMG_8850-1-edited.jpeg\" alt=\"\" class=\"wp-image-361\" srcset=\"https:\/\/www.nikkis.se\/wp-content\/uploads\/2024\/01\/IMG_8850-1-edited.jpeg 463w, https:\/\/www.nikkis.se\/wp-content\/uploads\/2024\/01\/IMG_8850-1-edited-300x300.jpeg 300w, https:\/\/www.nikkis.se\/wp-content\/uploads\/2024\/01\/IMG_8850-1-edited-150x150.jpeg 150w, https:\/\/www.nikkis.se\/wp-content\/uploads\/2024\/01\/IMG_8850-1-edited-250x250.jpeg 250w\" sizes=\"auto, (max-width: 463px) 100vw, 463px\" \/><\/figure>\n\n\n\n<figure class=\"wp-block-image size-full wp-duotone-272727-eee-2\"><img loading=\"lazy\" decoding=\"async\" width=\"153\" height=\"153\" data-id=\"365\" src=\"https:\/\/www.nikkis.se\/wp-content\/uploads\/2024\/01\/371471769_1087098782293550_8723175087068078216_n-edited.jpg\" alt=\"\" class=\"wp-image-365\" srcset=\"https:\/\/www.nikkis.se\/wp-content\/uploads\/2024\/01\/371471769_1087098782293550_8723175087068078216_n-edited.jpg 153w, https:\/\/www.nikkis.se\/wp-content\/uploads\/2024\/01\/371471769_1087098782293550_8723175087068078216_n-edited-150x150.jpg 150w\" sizes=\"auto, (max-width: 153px) 100vw, 153px\" \/><\/figure>\n\n\n\n<figure class=\"wp-block-image size-full wp-duotone-272727-eee-3\"><img loading=\"lazy\" decoding=\"async\" width=\"828\" height=\"828\" data-id=\"367\" src=\"https:\/\/www.nikkis.se\/wp-content\/uploads\/2024\/01\/IMG_8210-edited.png\" alt=\"\" class=\"wp-image-367\" srcset=\"https:\/\/www.nikkis.se\/wp-content\/uploads\/2024\/01\/IMG_8210-edited.png 828w, https:\/\/www.nikkis.se\/wp-content\/uploads\/2024\/01\/IMG_8210-edited-300x300.png 300w, https:\/\/www.nikkis.se\/wp-content\/uploads\/2024\/01\/IMG_8210-edited-150x150.png 150w, https:\/\/www.nikkis.se\/wp-content\/uploads\/2024\/01\/IMG_8210-edited-768x768.png 768w, https:\/\/www.nikkis.se\/wp-content\/uploads\/2024\/01\/IMG_8210-edited-250x250.png 250w, https:\/\/www.nikkis.se\/wp-content\/uploads\/2024\/01\/IMG_8210-edited-640x640.png 640w\" sizes=\"auto, (max-width: 828px) 100vw, 828px\" \/><\/figure>\n\n\n\n<figure class=\"wp-block-image size-full wp-duotone-272727-eee-4\"><img loading=\"lazy\" decoding=\"async\" width=\"488\" height=\"488\" data-id=\"369\" src=\"https:\/\/www.nikkis.se\/wp-content\/uploads\/2024\/01\/IMG_8816-2-edited.png\" alt=\"\" class=\"wp-image-369\" srcset=\"https:\/\/www.nikkis.se\/wp-content\/uploads\/2024\/01\/IMG_8816-2-edited.png 488w, https:\/\/www.nikkis.se\/wp-content\/uploads\/2024\/01\/IMG_8816-2-edited-300x300.png 300w, https:\/\/www.nikkis.se\/wp-content\/uploads\/2024\/01\/IMG_8816-2-edited-150x150.png 150w, https:\/\/www.nikkis.se\/wp-content\/uploads\/2024\/01\/IMG_8816-2-edited-250x250.png 250w\" sizes=\"auto, (max-width: 488px) 100vw, 488px\" \/><\/figure>\n\n\n\n<figure class=\"wp-block-image size-full wp-duotone-272727-eee-5\"><img loading=\"lazy\" decoding=\"async\" width=\"828\" height=\"828\" data-id=\"375\" src=\"https:\/\/www.nikkis.se\/wp-content\/uploads\/2024\/01\/IMG_6186-edited-2.jpg\" alt=\"\" class=\"wp-image-375\" srcset=\"https:\/\/www.nikkis.se\/wp-content\/uploads\/2024\/01\/IMG_6186-edited-2.jpg 828w, https:\/\/www.nikkis.se\/wp-content\/uploads\/2024\/01\/IMG_6186-edited-2-300x300.jpg 300w, https:\/\/www.nikkis.se\/wp-content\/uploads\/2024\/01\/IMG_6186-edited-2-150x150.jpg 150w, https:\/\/www.nikkis.se\/wp-content\/uploads\/2024\/01\/IMG_6186-edited-2-768x768.jpg 768w, https:\/\/www.nikkis.se\/wp-content\/uploads\/2024\/01\/IMG_6186-edited-2-250x250.jpg 250w, https:\/\/www.nikkis.se\/wp-content\/uploads\/2024\/01\/IMG_6186-edited-2-640x640.jpg 640w\" sizes=\"auto, (max-width: 828px) 100vw, 828px\" \/><\/figure>\n\n\n\n<figure class=\"wp-block-image size-full wp-duotone-272727-eee-6\"><img loading=\"lazy\" decoding=\"async\" width=\"450\" height=\"470\" data-id=\"374\" src=\"https:\/\/www.nikkis.se\/wp-content\/uploads\/2024\/01\/PdtoxcCkQueNfjLhUz2eMw_thumb_4354-1-edited.jpg\" alt=\"\" class=\"wp-image-374\" srcset=\"https:\/\/www.nikkis.se\/wp-content\/uploads\/2024\/01\/PdtoxcCkQueNfjLhUz2eMw_thumb_4354-1-edited.jpg 450w, https:\/\/www.nikkis.se\/wp-content\/uploads\/2024\/01\/PdtoxcCkQueNfjLhUz2eMw_thumb_4354-1-edited-287x300.jpg 287w\" sizes=\"auto, (max-width: 450px) 100vw, 450px\" \/><\/figure>\n<\/figure>\n\n\n\n<h2 class=\"wp-block-heading has-gray-color has-text-color has-link-color wp-elements-81e8aef2cdf2d597a5ad76425a694cba\">Min Filosofi<\/h2>\n\n\n\n<p class=\"has-text-align-left\">Horsemanship handlar f\u00f6r mig om att skapa en fungerade grund mellan h\u00e4st och m\u00e4nniska d\u00e4r man kan utvecklas tillsammans i gl\u00e4dje och harmoni, och att skapa ett partnerskap som bygger p\u00e5 \u00f6msesidig f\u00f6rst\u00e5else, tillit och respekt &#8211; oavsett niv\u00e5, disciplin eller inriktning. <br><br>Min filosofi bygger p\u00e5 tanken om hur vi m\u00e4nniskor kan anpassa och utveckla v\u00e5rt s\u00e4tt att bem\u00f6ta och f\u00f6rst\u00e5 h\u00e4sten i olika situationer, och hur vi kan f\u00e5 h\u00e4sten att s\u00f6ka en v\u00e4g <em>in<\/em> i uppgiften och vilja jobba <em>med<\/em> oss. Kan vi lyckas f\u00e5 h\u00e4sten till en villig och engagerad partner \u00e4r det som jag ser det bara v\u00e5ra fysiska f\u00f6ruts\u00e4ttningar som s\u00e4tter gr\u00e4nsen f\u00f6r vad vi kan \u00e5stadkomma tillsammans. <br><br>Med en kandidatexamen inom beteendevetenskap, i kombination med l\u00e5ng praktisk erfarenhet av h\u00e4sthantering inom flera olika discipliner, och f\u00f6rdjupad f\u00f6rst\u00e5else f\u00f6r hur h\u00e4sten fungerar rent biologiskt, har jag m\u00f6jlighet att kunna arbeta med b\u00e5de h\u00e4st och m\u00e4nniska utifr\u00e5n en st\u00f6rre helhet. Utg\u00e5ngspunkten i mitt s\u00e4tt att t\u00e4nka handlar s\u00e5ledes om hur vi som m\u00e4nniskor kan l\u00e4ra oss att f\u00f6rst\u00e5 och bem\u00f6ta h\u00e4sten i olika situationer, och hur vi genom b\u00e4ttre samspel mellan h\u00e4st och m\u00e4nniska kan skapa f\u00f6r\u00e4ndring, utveckling och f\u00f6rb\u00e4ttring. <\/p>\n\n\n\n<p class=\"has-text-align-center has-gray-color has-text-color has-link-color wp-elements-c3d356a1ccfb13e536148fac94cd0aee\"><strong><em>&#8221;Varf\u00f6r \u00e4r det som det \u00e4r?&#8221;<\/em><\/strong><\/p>\n\n\n\n<hr class=\"wp-block-separator has-alpha-channel-opacity\"\/>\n\n\n\n<h2 class=\"wp-block-heading has-gray-color has-text-color has-link-color wp-elements-43b19cbb6201260bf4313003c3c844ec\">Tj\u00e4nster<\/h2>\n\n\n\n<div class=\"wp-block-media-text is-stacked-on-mobile is-vertically-aligned-center\" style=\"grid-template-columns:21% auto\"><figure class=\"wp-block-media-text__media\"><img loading=\"lazy\" decoding=\"async\" width=\"828\" height=\"828\" src=\"https:\/\/www.nikkis.se\/wp-content\/uploads\/2023\/12\/IMG_8816-1-edited-1.png\" alt=\"\" class=\"wp-image-291 size-full\" srcset=\"https:\/\/www.nikkis.se\/wp-content\/uploads\/2023\/12\/IMG_8816-1-edited-1.png 828w, https:\/\/www.nikkis.se\/wp-content\/uploads\/2023\/12\/IMG_8816-1-edited-1-300x300.png 300w, https:\/\/www.nikkis.se\/wp-content\/uploads\/2023\/12\/IMG_8816-1-edited-1-150x150.png 150w, https:\/\/www.nikkis.se\/wp-content\/uploads\/2023\/12\/IMG_8816-1-edited-1-768x768.png 768w, https:\/\/www.nikkis.se\/wp-content\/uploads\/2023\/12\/IMG_8816-1-edited-1-250x250.png 250w, https:\/\/www.nikkis.se\/wp-content\/uploads\/2023\/12\/IMG_8816-1-edited-1-640x640.png 640w\" sizes=\"auto, (max-width: 828px) 100vw, 828px\" \/><\/figure><div class=\"wp-block-media-text__content\">\n<p><strong>Lektioner<\/strong><br>30 min 495kr ink moms <br>45 min 649kr ink moms<br>60 min 749kr ink moms<br><\/p>\n<\/div><\/div>\n\n\n\n<div class=\"wp-block-media-text is-stacked-on-mobile is-vertically-aligned-top\" style=\"grid-template-columns:21% auto\"><figure class=\"wp-block-media-text__media\"><img loading=\"lazy\" decoding=\"async\" width=\"828\" height=\"828\" src=\"https:\/\/www.nikkis.se\/wp-content\/uploads\/2023\/12\/IMG_8210-edited.png\" alt=\"\" class=\"wp-image-284 size-full\" srcset=\"https:\/\/www.nikkis.se\/wp-content\/uploads\/2023\/12\/IMG_8210-edited.png 828w, https:\/\/www.nikkis.se\/wp-content\/uploads\/2023\/12\/IMG_8210-edited-300x300.png 300w, https:\/\/www.nikkis.se\/wp-content\/uploads\/2023\/12\/IMG_8210-edited-150x150.png 150w, https:\/\/www.nikkis.se\/wp-content\/uploads\/2023\/12\/IMG_8210-edited-768x768.png 768w, https:\/\/www.nikkis.se\/wp-content\/uploads\/2023\/12\/IMG_8210-edited-250x250.png 250w, https:\/\/www.nikkis.se\/wp-content\/uploads\/2023\/12\/IMG_8210-edited-640x640.png 640w\" sizes=\"auto, (max-width: 828px) 100vw, 828px\" \/><\/figure><div class=\"wp-block-media-text__content\">\n<p><strong>Probleml\u00f6sning \/ Specialuppl\u00e4gg<\/strong><br>Har det knutit sig mellan h\u00e4st och m\u00e4nniska d\u00e4r ni beh\u00f6ver hj\u00e4lp att bryta ett negativt m\u00f6nster? Eller beh\u00f6ver du hj\u00e4lp att hantera ett specifikt problem? Kontakta mig f\u00f6r konsultation, s\u00e5 tar vi fram ett uppl\u00e4gg som kan passa f\u00f6r dig och din h\u00e4st. <\/p>\n<\/div><\/div>\n\n\n\n<div class=\"wp-block-media-text is-stacked-on-mobile is-vertically-aligned-top\" style=\"grid-template-columns:21% auto\"><figure class=\"wp-block-media-text__media\"><img loading=\"lazy\" decoding=\"async\" width=\"699\" height=\"699\" src=\"https:\/\/www.nikkis.se\/wp-content\/uploads\/2023\/12\/IMG_8778-2-edited.png\" alt=\"\" class=\"wp-image-275 size-full\" srcset=\"https:\/\/www.nikkis.se\/wp-content\/uploads\/2023\/12\/IMG_8778-2-edited.png 699w, https:\/\/www.nikkis.se\/wp-content\/uploads\/2023\/12\/IMG_8778-2-edited-300x300.png 300w, https:\/\/www.nikkis.se\/wp-content\/uploads\/2023\/12\/IMG_8778-2-edited-150x150.png 150w, https:\/\/www.nikkis.se\/wp-content\/uploads\/2023\/12\/IMG_8778-2-edited-250x250.png 250w, https:\/\/www.nikkis.se\/wp-content\/uploads\/2023\/12\/IMG_8778-2-edited-640x640.png 640w\" sizes=\"auto, (max-width: 699px) 100vw, 699px\" \/><\/figure><div class=\"wp-block-media-text__content\">\n<p><strong>Kurser \/ Paketl\u00f6sningar<\/strong><br>Bokas halv- eller heldag, uppl\u00e4gg kan skr\u00e4ddarsys efter specifika \u00f6nskem\u00e5l. Har du en id\u00e9 eller \u00f6nskan att arrangera en kurs? Kontakta mig f\u00f6r konsultation.&nbsp;<br><em>ca 4-8 deltagare, lite beroende p\u00e5 kursens uppl\u00e4gg<\/em><br><\/p>\n<\/div><\/div>\n\n\n\n<div class=\"wp-block-media-text is-stacked-on-mobile is-vertically-aligned-top\" style=\"grid-template-columns:21% auto\"><figure class=\"wp-block-media-text__media\"><img loading=\"lazy\" decoding=\"async\" width=\"153\" height=\"153\" src=\"https:\/\/www.nikkis.se\/wp-content\/uploads\/2023\/12\/371471769_1087098782293550_8723175087068078216_n-2-edited.jpg\" alt=\"\" class=\"wp-image-280 size-full\" srcset=\"https:\/\/www.nikkis.se\/wp-content\/uploads\/2023\/12\/371471769_1087098782293550_8723175087068078216_n-2-edited.jpg 153w, https:\/\/www.nikkis.se\/wp-content\/uploads\/2023\/12\/371471769_1087098782293550_8723175087068078216_n-2-edited-150x150.jpg 150w\" sizes=\"auto, (max-width: 153px) 100vw, 153px\" \/><\/figure><div class=\"wp-block-media-text__content\">\n<p><strong>Clinic \/ Uppvisning<\/strong><br>Bokas halv- eller heldag, uppl\u00e4gg kan skr\u00e4ddarsys efter specifika \u00f6nskem\u00e5l. Kontakta mig f\u00f6r konsultation. <br><em>obegr\u00e4nsat antal deltagare<\/em><\/p>\n<\/div><\/div>\n\n\n\n<h3 class=\"wp-block-heading has-gray-color has-text-color has-link-color wp-elements-fb85bb7c3cc8da71c8b99d2a51ee3b94\"><br><em>Utg\u00e5r fr\u00e5n Sk\u00e4nninge<\/em>, \u00d6sterg\u00f6tland.<\/h3>\n\n\n\n<hr class=\"wp-block-separator has-alpha-channel-opacity\"\/>\n\n\n\n<p class=\"has-text-align-left\"><strong>Avbokning <em>senast<\/em> 24 timmar innan bokad tid f\u00f6r samtliga tj\u00e4nster. <\/strong><br><strong>Utebliven tid debiteras<\/strong><br><\/p>\n","protected":false},"excerpt":{"rendered":"<p>Min Filosofi Horsemanship handlar f\u00f6r mig om att skapa en fungerade grund mellan h\u00e4st och m\u00e4nniska d\u00e4r man kan utvecklas&#8230;<\/p>\n","protected":false},"author":1,"featured_media":0,"parent":0,"menu_order":0,"comment_status":"closed","ping_status":"closed","template":"","meta":{"footnotes":""},"class_list":["post-15","page","type-page","status-publish","hentry","post-archive"],"_links":{"self":[{"href":"https:\/\/www.nikkis.se\/index.php?rest_route=\/wp\/v2\/pages\/15","targetHints":{"allow":["GET"]}}],"collection":[{"href":"https:\/\/www.nikkis.se\/index.php?rest_route=\/wp\/v2\/pages"}],"about":[{"href":"https:\/\/www.nikkis.se\/index.php?rest_route=\/wp\/v2\/types\/page"}],"author":[{"embeddable":true,"href":"https:\/\/www.nikkis.se\/index.php?rest_route=\/wp\/v2\/users\/1"}],"replies":[{"embeddable":true,"href":"https:\/\/www.nikkis.se\/index.php?rest_route=%2Fwp%2Fv2%2Fcomments&post=15"}],"version-history":[{"count":29,"href":"https:\/\/www.nikkis.se\/index.php?rest_route=\/wp\/v2\/pages\/15\/revisions"}],"predecessor-version":[{"id":410,"href":"https:\/\/www.nikkis.se\/index.php?rest_route=\/wp\/v2\/pages\/15\/revisions\/410"}],"wp:attachment":[{"href":"https:\/\/www.nikkis.se\/index.php?rest_route=%2Fwp%2Fv2%2Fmedia&parent=15"}],"curies":[{"name":"wp","href":"https:\/\/api.w.org\/{rel}","templated":true}]}}