{"id":14,"date":"2023-12-20T15:14:37","date_gmt":"2023-12-20T15:14:37","guid":{"rendered":"https:\/\/www.nikkis.se\/?page_id=14"},"modified":"2026-01-08T18:00:38","modified_gmt":"2026-01-08T18:00:38","slug":"hovslageri","status":"publish","type":"page","link":"https:\/\/www.nikkis.se\/?page_id=14","title":{"rendered":"Hovslageri"},"content":{"rendered":"\n<figure class=\"wp-block-gallery has-nested-images columns-default is-cropped wp-block-gallery-4 is-layout-flex wp-block-gallery-is-layout-flex\">\n<figure class=\"wp-block-image size-large wp-duotone-272727-eee-1\"><img loading=\"lazy\" decoding=\"async\" width=\"1536\" height=\"1536\" data-id=\"378\" src=\"https:\/\/www.nikkis.se\/wp-content\/uploads\/2024\/01\/IMG_5916-edited.jpg\" alt=\"\" class=\"wp-image-378\" srcset=\"https:\/\/www.nikkis.se\/wp-content\/uploads\/2024\/01\/IMG_5916-edited.jpg 1536w, https:\/\/www.nikkis.se\/wp-content\/uploads\/2024\/01\/IMG_5916-edited-300x300.jpg 300w, https:\/\/www.nikkis.se\/wp-content\/uploads\/2024\/01\/IMG_5916-edited-1024x1024.jpg 1024w, https:\/\/www.nikkis.se\/wp-content\/uploads\/2024\/01\/IMG_5916-edited-150x150.jpg 150w, https:\/\/www.nikkis.se\/wp-content\/uploads\/2024\/01\/IMG_5916-edited-768x768.jpg 768w, https:\/\/www.nikkis.se\/wp-content\/uploads\/2024\/01\/IMG_5916-edited-250x250.jpg 250w, https:\/\/www.nikkis.se\/wp-content\/uploads\/2024\/01\/IMG_5916-edited-1040x1040.jpg 1040w, https:\/\/www.nikkis.se\/wp-content\/uploads\/2024\/01\/IMG_5916-edited-640x640.jpg 640w\" sizes=\"auto, (max-width: 1536px) 100vw, 1536px\" \/><\/figure>\n\n\n\n<figure class=\"wp-block-image size-large wp-duotone-272727-eee-2\"><img loading=\"lazy\" decoding=\"async\" width=\"828\" height=\"828\" data-id=\"381\" src=\"https:\/\/www.nikkis.se\/wp-content\/uploads\/2024\/01\/IMG_8577-3-edited.jpg\" alt=\"\" class=\"wp-image-381\" srcset=\"https:\/\/www.nikkis.se\/wp-content\/uploads\/2024\/01\/IMG_8577-3-edited.jpg 828w, https:\/\/www.nikkis.se\/wp-content\/uploads\/2024\/01\/IMG_8577-3-edited-300x300.jpg 300w, https:\/\/www.nikkis.se\/wp-content\/uploads\/2024\/01\/IMG_8577-3-edited-150x150.jpg 150w, https:\/\/www.nikkis.se\/wp-content\/uploads\/2024\/01\/IMG_8577-3-edited-768x768.jpg 768w, https:\/\/www.nikkis.se\/wp-content\/uploads\/2024\/01\/IMG_8577-3-edited-250x250.jpg 250w, https:\/\/www.nikkis.se\/wp-content\/uploads\/2024\/01\/IMG_8577-3-edited-640x640.jpg 640w\" sizes=\"auto, (max-width: 828px) 100vw, 828px\" \/><\/figure>\n\n\n\n<figure class=\"wp-block-image size-large wp-duotone-272727-eee-3\"><img loading=\"lazy\" decoding=\"async\" width=\"2122\" height=\"2122\" data-id=\"383\" src=\"https:\/\/www.nikkis.se\/wp-content\/uploads\/2024\/01\/IMG_7625-edited.jpg\" alt=\"\" class=\"wp-image-383\" srcset=\"https:\/\/www.nikkis.se\/wp-content\/uploads\/2024\/01\/IMG_7625-edited.jpg 2122w, https:\/\/www.nikkis.se\/wp-content\/uploads\/2024\/01\/IMG_7625-edited-300x300.jpg 300w, https:\/\/www.nikkis.se\/wp-content\/uploads\/2024\/01\/IMG_7625-edited-1024x1024.jpg 1024w, https:\/\/www.nikkis.se\/wp-content\/uploads\/2024\/01\/IMG_7625-edited-150x150.jpg 150w, https:\/\/www.nikkis.se\/wp-content\/uploads\/2024\/01\/IMG_7625-edited-768x768.jpg 768w, https:\/\/www.nikkis.se\/wp-content\/uploads\/2024\/01\/IMG_7625-edited-1536x1536.jpg 1536w, https:\/\/www.nikkis.se\/wp-content\/uploads\/2024\/01\/IMG_7625-edited-2048x2048.jpg 2048w, https:\/\/www.nikkis.se\/wp-content\/uploads\/2024\/01\/IMG_7625-edited-250x250.jpg 250w, https:\/\/www.nikkis.se\/wp-content\/uploads\/2024\/01\/IMG_7625-edited-1040x1040.jpg 1040w, https:\/\/www.nikkis.se\/wp-content\/uploads\/2024\/01\/IMG_7625-edited-640x640.jpg 640w\" sizes=\"auto, (max-width: 2122px) 100vw, 2122px\" \/><\/figure>\n<\/figure>\n\n\n\n<h2 class=\"wp-block-heading has-gray-color has-text-color has-link-color wp-elements-d07dfabde0ca24485516487d6986665b\">Hovslageri f\u00f6r mig<\/h2>\n\n\n\n<p>Hovslageri f\u00f6r mig \u00e4r ett hantverk som innefattar l\u00e5ngt mycket mer \u00e4n att bara sl\u00e5 p\u00e5 en sko. Det handlar om att kunna se och f\u00f6rst\u00e5 hur exteri\u00f6ra och fysiologiska f\u00f6ruts\u00e4ttningar p\u00e5verkar r\u00f6relse och biomekanik, och hur dessa f\u00f6rh\u00e5llanden interagerar med den milj\u00f6 som h\u00e4sten verkar i och vilket typ av arbete den utf\u00f6r. <\/p>\n\n\n\n<p>Jag brinner f\u00f6r balansering, och hur man genom hovv\u00e5rd kan skapa optimala f\u00f6ruts\u00e4ttningar f\u00f6r h\u00e4stens r\u00f6relse och fysiska v\u00e4lm\u00e5ende, med fokus p\u00e5 ridh\u00e4star. <\/p>\n\n\n\n<p class=\"has-text-align-center has-gray-color has-text-color has-link-color wp-elements-baa9aa1fa3e8ead345607a3acf2a0eb7\"><em><strong>&#8221;Varf\u00f6r \u00e4r det som det \u00e4r?&#8221;<\/strong><\/em><\/p>\n\n\n\n<hr class=\"wp-block-separator has-alpha-channel-opacity\"\/>\n\n\n\n<h2 class=\"wp-block-heading has-gray-color has-text-color has-link-color wp-elements-ae6717c51f8b12ce8496c96bec9f8402\">Meriter<\/h2>\n\n\n\n<div class=\"wp-block-media-text is-stacked-on-mobile is-vertically-aligned-center\" style=\"grid-template-columns:15% auto\"><figure class=\"wp-block-media-text__media\"><img loading=\"lazy\" decoding=\"async\" width=\"768\" height=\"1024\" src=\"https:\/\/www.nikkis.se\/wp-content\/uploads\/2023\/12\/IMG_5916-3-768x1024.jpg\" alt=\"\" class=\"wp-image-263 size-full\" srcset=\"https:\/\/www.nikkis.se\/wp-content\/uploads\/2023\/12\/IMG_5916-3-768x1024.jpg 768w, https:\/\/www.nikkis.se\/wp-content\/uploads\/2023\/12\/IMG_5916-3-225x300.jpg 225w, https:\/\/www.nikkis.se\/wp-content\/uploads\/2023\/12\/IMG_5916-3-1152x1536.jpg 1152w, https:\/\/www.nikkis.se\/wp-content\/uploads\/2023\/12\/IMG_5916-3-1040x1387.jpg 1040w, https:\/\/www.nikkis.se\/wp-content\/uploads\/2023\/12\/IMG_5916-3-640x853.jpg 640w, https:\/\/www.nikkis.se\/wp-content\/uploads\/2023\/12\/IMG_5916-3.jpg 1536w\" sizes=\"auto, (max-width: 768px) 100vw, 768px\" \/><\/figure><div class=\"wp-block-media-text__content\">\n<p><strong>SM i Hovslageri 2023.<\/strong>  <\/p>\n<\/div><\/div>\n\n\n\n<h2 class=\"wp-block-heading has-gray-color has-text-color has-link-color wp-elements-43b19cbb6201260bf4313003c3c844ec\">Tj\u00e4nster<\/h2>\n\n\n\n<p><em>Alla priser ink moms<\/em><\/p>\n\n\n\n<p>Helskoning 1750kr<br>Halvskoning 1300kr<br>Barfotaverkning 650kr<\/p>\n\n\n\n<p>Reseers\u00e4ttning        40kr \/ k\u00f6rd mil<br><em>Utg\u00e5r fr\u00e5n Sk\u00e4nninge<\/em><\/p>\n\n\n\n<hr class=\"wp-block-separator has-alpha-channel-opacity\"\/>\n\n\n\n<p><strong>Avbokning&nbsp;<em>senast<\/em>&nbsp;24 timmar innan bokad tid f\u00f6r samtliga tj\u00e4nster.<\/strong> <br><strong>Utebliven tid debiteras<\/strong><\/p>\n","protected":false},"excerpt":{"rendered":"<p>Hovslageri f\u00f6r mig Hovslageri f\u00f6r mig \u00e4r ett hantverk som innefattar l\u00e5ngt mycket mer \u00e4n att bara sl\u00e5 p\u00e5 en&#8230;<\/p>\n","protected":false},"author":1,"featured_media":0,"parent":0,"menu_order":0,"comment_status":"closed","ping_status":"closed","template":"","meta":{"footnotes":""},"class_list":["post-14","page","type-page","status-publish","hentry","post-archive"],"_links":{"self":[{"href":"https:\/\/www.nikkis.se\/index.php?rest_route=\/wp\/v2\/pages\/14","targetHints":{"allow":["GET"]}}],"collection":[{"href":"https:\/\/www.nikkis.se\/index.php?rest_route=\/wp\/v2\/pages"}],"about":[{"href":"https:\/\/www.nikkis.se\/index.php?rest_route=\/wp\/v2\/types\/page"}],"author":[{"embeddable":true,"href":"https:\/\/www.nikkis.se\/index.php?rest_route=\/wp\/v2\/users\/1"}],"replies":[{"embeddable":true,"href":"https:\/\/www.nikkis.se\/index.php?rest_route=%2Fwp%2Fv2%2Fcomments&post=14"}],"version-history":[{"count":23,"href":"https:\/\/www.nikkis.se\/index.php?rest_route=\/wp\/v2\/pages\/14\/revisions"}],"predecessor-version":[{"id":415,"href":"https:\/\/www.nikkis.se\/index.php?rest_route=\/wp\/v2\/pages\/14\/revisions\/415"}],"wp:attachment":[{"href":"https:\/\/www.nikkis.se\/index.php?rest_route=%2Fwp%2Fv2%2Fmedia&parent=14"}],"curies":[{"name":"wp","href":"https:\/\/api.w.org\/{rel}","templated":true}]}}